{"id":4768,"date":"2020-09-25T18:50:39","date_gmt":"2020-09-25T16:50:39","guid":{"rendered":"https:\/\/artisan-my-renovation.com\/?page_id=4768"},"modified":"2025-03-13T19:58:06","modified_gmt":"2025-03-13T18:58:06","slug":"nettoyage-toiture-95","status":"publish","type":"page","link":"https:\/\/couvreur-95-colombus.fr\/?page_id=4768","title":{"rendered":"Nettoyage toiture"},"content":{"rendered":"<div class=\"wpb-content-wrapper\">[vc_row full_width=\u00a0\u00bbstretch_row_content_no_spaces\u00a0\u00bb content_placement=\u00a0\u00bbmiddle\u00a0\u00bb background_color=\u00a0\u00bbcustom\u00a0\u00bb custom_background_color=\u00a0\u00bb#f7f7f7&Prime;][vc_column width=\u00a0\u00bb5\/12&Prime;][tm_image full_wide=\u00a0\u00bb1&Prime; image=\u00a0\u00bb8194&Prime;][\/vc_column][vc_column width=\u00a0\u00bb7\/12&Prime;][vc_row_inner lg_spacing=\u00a0\u00bbpadding_top:60;padding_right:100;padding_bottom:60;padding_left:100&Prime; md_spacing=\u00a0\u00bbpadding_right:80;padding_left:80&Prime; sm_spacing=\u00a0\u00bbpadding_right:50;padding_left:50&Prime; xs_spacing=\u00a0\u00bbpadding_right:30;padding_left:30&Prime;][vc_column_inner][tm_heading style=\u00a0\u00bbwith-separator-04&Prime; tag=\u00a0\u00bbh2&Prime; custom_google_font=\u00a0\u00bb\u00a0\u00bb text=\u00a0\u00bbNettoyage et d\u00e9moussage de toiture\u00a0\u00bb font_size=\u00a0\u00bbxs:26;sm:26;lg:40&Prime; css=\u00a0\u00bb.vc_custom_1741889690892{margin-bottom: 30px !important;}\u00a0\u00bb][vc_column_text css=\u00a0\u00bb\u00a0\u00bb]\n<p style=\"text-align: justify;\">L\u2019entreprise de couverture <strong data-start=\"123\" data-end=\"139\">M.B Colombus<\/strong> \u00e0 Argenteuil met son expertise au service du nettoyage et du d\u00e9moussage de votre toiture, en s\u2019appuyant sur plusieurs ann\u00e9es d\u2019exp\u00e9rience et des techniques de pointe. Gr\u00e2ce \u00e0 une parfaite ma\u00eetrise des m\u00e9thodes adapt\u00e9es \u00e0 chaque type de rev\u00eatement, qu\u2019il s\u2019agisse de tuiles, d\u2019ardoises ou de zinc, nous assurons un entretien efficace, quelle que soit la pente ou l\u2019accessibilit\u00e9 de votre toit.<\/p>\n<p style=\"text-align: justify;\">Nos interventions incluent l\u2019application de <strong data-start=\"577\" data-end=\"632\">traitements hydrofuges et anti-mousses longue dur\u00e9e<\/strong>, emp\u00eachant la r\u00e9apparition rapide des lichens et des algues. Nous utilisons uniquement des produits <strong data-start=\"733\" data-end=\"775\">certifi\u00e9s et respectueux des mat\u00e9riaux<\/strong>, garantissant un nettoyage en profondeur sans alt\u00e9rer la structure de votre toiture.<\/p>\n<p style=\"text-align: justify;\">Avec <strong data-start=\"866\" data-end=\"882\">M.B Colombus<\/strong>, vous b\u00e9n\u00e9ficiez d\u2019un entretien soign\u00e9 qui prolonge la dur\u00e9e de vie de votre couverture tout en am\u00e9liorant son \u00e9tanch\u00e9it\u00e9 et son esth\u00e9tique.<\/p>\n[\/vc_column_text][tm_spacer size=\u00a0\u00bblg:20&Prime;][tm_button size=\u00a0\u00bbsm\u00a0\u00bb button=\u00a0\u00bburl:https%3A%2F%2Fcouvreur-95-colombus.fr%2Fdevis-gratuit%2F|title:Contactez-nous\u00a0\u00bb][\/vc_column_inner][\/vc_row_inner][\/vc_column][\/vc_row][vc_row lg_spacing=\u00a0\u00bbpadding_top:80;padding_bottom:40&Prime;][vc_column width=\u00a0\u00bb5\/12&Prime;][tm_heading style=\u00a0\u00bbwith-separator-04&Prime; tag=\u00a0\u00bbh2&Prime; custom_google_font=\u00a0\u00bb\u00a0\u00bb text=\u00a0\u00bbPrestations de nettoyage de toiture\u00a0\u00bb font_size=\u00a0\u00bbxs:26;sm:26;lg:40&Prime; css=\u00a0\u00bb.vc_custom_1741889766897{margin-bottom: 35px !important;}\u00a0\u00bb][tm_image align=\u00a0\u00bbcenter\u00a0\u00bb image=\u00a0\u00bb7219&Prime; lg_spacing=\u00a0\u00bbmargin_bottom:10&Prime;][vc_text_separator title=\u00a0\u00bbAvant \/ Apr\u00e8s\u00a0\u00bb css=\u00a0\u00bb.vc_custom_1675342085140{margin-bottom: 35px !important;}\u00a0\u00bb][\/vc_column][vc_column width=\u00a0\u00bb7\/12&Prime;][vc_column_text css=\u00a0\u00bb.vc_custom_1675342054201{margin-bottom: 30px !important;}\u00a0\u00bb]\n<blockquote style=\"background: #f7f7f7; border: #ccc solid 1px;\">\n<p style=\"text-align: justify;\">M.B Colombus r\u00e9alise le d\u00e9moussage de votre toit par des produits tr\u00e8s efficaces et certifi\u00e9s. En tant que professionnel, couvreur \u00e0 Argenteuil est en mesure de fournir des travaux de nettoyage toiture garantis.<\/p>\n<\/blockquote>\n[\/vc_column_text][vc_row_inner][vc_column_inner width=\u00a0\u00bb1\/2&Prime;][vc_column_text css=\u00a0\u00bb.vc_custom_1675342063267{margin-bottom: 50px !important;}\u00a0\u00bb]<div class=\"su-list\" style=\"margin-left:0px\">\n<ul>\n<li><i class=\"sui sui-check\" style=\"color:#243e8e\"><\/i> Nettoyage tout type de toiture<\/li>\n<li><i class=\"sui sui-check\" style=\"color:#243e8e\"><\/i> D\u00e9crassage de toiture<\/li>\n<li><i class=\"sui sui-check\" style=\"color:#243e8e\"><\/i> Traitement anti mousse<\/li>\n<li><i class=\"sui sui-check\" style=\"color:#243e8e\"><\/i> Traitement anti champignons<\/li>\n<li><i class=\"sui sui-check\" style=\"color:#243e8e\"><\/i> Traitement hydrofuge<\/li>\n<li><i class=\"sui sui-check\" style=\"color:#243e8e\"><\/i> Application de produits certifi\u00e9s<\/li>\n<li><i class=\"sui sui-check\" style=\"color:#243e8e\"><\/i> Enduit d&rsquo;\u00e9tanch\u00e9it\u00e9 toiture<\/li>\n<li><i class=\"sui sui-check\" style=\"color:#243e8e\"><\/i> D\u00e9tections de fuites et r\u00e9parations<\/li>\n<li><i class=\"sui sui-check\" style=\"color:#243e8e\"><\/i> R\u00e9paration des infiltrations du toit<\/li>\n<\/ul>\n<\/div>[\/vc_column_text][\/vc_column_inner][vc_column_inner width=\u00a0\u00bb1\/2&Prime;][tm_list list_style=\u00a0\u00bbmodern-icon-03&Prime; columns=\u00a0\u00bbxs:1;sm:1;lg:1&Prime; items=\u00a0\u00bb%5B%7B%22item_title%22%3A%22Zone%20d&rsquo;intervention%22%2C%22item_desc%22%3A%22Val%20D&rsquo;Oise%2095%22%2C%22icon%22%3A%22ion-ios-location%22%7D%2C%7B%22item_title%22%3A%22Horaires%20d&rsquo;ouverture%22%2C%22item_desc%22%3A%22Ouvert%2024h%2F24%22%2C%22icon%22%3A%22ion-ios-timer%22%7D%2C%7B%22item_title%22%3A%22T%C3%A9l%C3%A9phone%22%2C%22icon%22%3A%22ion-ios-telephone%22%7D%5D\u00a0\u00bb][vc_column_text]\n<p><span class=\"vcard numerovert\"><span class=\"fn\">M.B Colombus Couvreur 95<\/span><span class=\"tel\"><span class=\"type\"><abbr title=\"Besoin d'un devis gratuit pour vos travaux de couverture dans le 95 ? Toute notre \u00e9quipe est \u00e0 votre disposition.\">T\u00e9l.<\/abbr><\/span><span class=\"value\"><a href=\"tel:0767763905\">07 67 76 39 05<\/a><\/span><\/span><\/span><\/p>\n[\/vc_column_text][vc_column_text css=\u00a0\u00bb.vc_custom_1675342407316{margin-bottom: 20px !important;}\u00a0\u00bb]<span class=\"vcard numerovert\"><span class=\"fn\">M.B Colombus Couvreur 95<\/span><span class=\"tel\"><span class=\"type\"><abbr title=\"Besoin d'un devis gratuit pour vos travaux de couverture dans le 95 ? Toute notre \u00e9quipe est \u00e0 votre disposition.\">T\u00e9l.<\/abbr><\/span><span class=\"value\"><a href=\"tel:0983209616\">09 83 20 96 16<\/a><\/span><\/span><\/span>[\/vc_column_text][\/vc_column_inner][\/vc_row_inner][\/vc_column][\/vc_row][vc_row full_width=\u00a0\u00bbstretch_row_content_no_spaces\u00a0\u00bb content_placement=\u00a0\u00bbmiddle\u00a0\u00bb background_color=\u00a0\u00bbcustom\u00a0\u00bb custom_background_color=\u00a0\u00bb#111111&Prime;][vc_column width=\u00a0\u00bb1\/2&Prime;][tm_image full_wide=\u00a0\u00bb1&Prime; image=\u00a0\u00bb7221&Prime;][\/vc_column][vc_column width=\u00a0\u00bb1\/2&Prime; background_image=\u00a0\u00bb7134&Prime;][vc_row_inner lg_spacing=\u00a0\u00bbpadding_top:60;padding_right:100;padding_bottom:60;padding_left:100&Prime; max_width=\u00a0\u00bb800px\u00a0\u00bb md_spacing=\u00a0\u00bbpadding_right:80;padding_left:80&Prime; sm_spacing=\u00a0\u00bbpadding_right:50;padding_left:50&Prime; xs_spacing=\u00a0\u00bbpadding_right:30;padding_left:30&Prime;][vc_column_inner][tm_heading custom_google_font=\u00a0\u00bb\u00a0\u00bb text_color=\u00a0\u00bbcustom\u00a0\u00bb custom_text_color=\u00a0\u00bb#ffffff\u00a0\u00bb text=\u00a0\u00bbCouvreurs qualifi\u00e9s\u00a0\u00bb font_size=\u00a0\u00bbxs:26;sm:26;lg:40&Prime; css=\u00a0\u00bb.vc_custom_1652171460932{margin-bottom: 10px !important;}\u00a0\u00bb][tm_heading custom_google_font=\u00a0\u00bb\u00a0\u00bb text_color=\u00a0\u00bbcustom\u00a0\u00bb custom_text_color=\u00a0\u00bb#a41c20&Prime; icon_type=\u00a0\u00bbfontawesome\u00a0\u00bb icon_fontawesome=\u00a0\u00bbfas fa-map-marker-alt\u00a0\u00bb text=\u00a0\u00bbDans le Val d&rsquo;Oise 95&Prime; font_size=\u00a0\u00bbxs:16;sm:16;md:25;lg:25&Prime; css=\u00a0\u00bb.vc_custom_1675342092848{margin-bottom: 30px !important;}\u00a0\u00bb][tm_list list_style=\u00a0\u00bbcheck-02&Prime; marker_color=\u00a0\u00bbcustom\u00a0\u00bb custom_marker_color=\u00a0\u00bb#ffffff\u00a0\u00bb title_color=\u00a0\u00bbcustom\u00a0\u00bb custom_title_color=\u00a0\u00bb#bfbfbf\u00a0\u00bb columns=\u00a0\u00bbxs:1;lg:1&Prime; items=\u00a0\u00bb%5B%7B%22item_title%22%3A%22L&rsquo;exp%C3%A9rience%20%C3%A0%20votre%20service%22%7D%2C%7B%22item_title%22%3A%22Conseils%20professionnels%22%7D%2C%7B%22item_title%22%3A%22Accompagnement%20personnalis%C3%A9%22%7D%2C%7B%22item_title%22%3A%22Garantie%20d%C3%A9cennale%20-%20QBE%22%7D%2C%7B%22item_title%22%3A%22Meilleur%20rapport%20qualit%C3%A9%20%2F%20prix%22%7D%5D\u00a0\u00bb lg_spacing=\u00a0\u00bbmargin_bottom:35&Prime;][tm_button size=\u00a0\u00bbsm\u00a0\u00bb color=\u00a0\u00bbcustom\u00a0\u00bb button_bg_color=\u00a0\u00bbcustom\u00a0\u00bb font_color=\u00a0\u00bbcustom\u00a0\u00bb button_border_color=\u00a0\u00bbcustom\u00a0\u00bb button_icon_color=\u00a0\u00bb\u00a0\u00bb button_bg_color_hover=\u00a0\u00bbcustom\u00a0\u00bb font_color_hover=\u00a0\u00bbprimary\u00a0\u00bb button_border_color_hover=\u00a0\u00bbcustom\u00a0\u00bb button_icon_color_hover=\u00a0\u00bb\u00a0\u00bb button=\u00a0\u00bburl:https%3A%2F%2Fcouvreur-95-colombus.fr%2Fdevis-gratuit%2F|title:DEVIS%20%26%20D%C3%89PLACEMENT%20GRATUITS\u00a0\u00bb custom_font_color=\u00a0\u00bb#ffffff\u00a0\u00bb custom_button_bg_color_hover=\u00a0\u00bb#ffffff\u00a0\u00bb custom_button_border_color_hover=\u00a0\u00bb#ffffff\u00a0\u00bb custom_button_bg_color=\u00a0\u00bb#a41c20&Prime; custom_button_border_color=\u00a0\u00bb#a41c20&Prime;][\/vc_column_inner][\/vc_row_inner][\/vc_column][\/vc_row][vc_row full_width=\u00a0\u00bbstretch_row_content\u00a0\u00bb lg_spacing=\u00a0\u00bbpadding_top:80;padding_bottom:25&Prime;][vc_column][tm_heading custom_google_font=\u00a0\u00bb\u00a0\u00bb text_transform=\u00a0\u00bbuppercase\u00a0\u00bb align=\u00a0\u00bbcenter\u00a0\u00bb text_color=\u00a0\u00bbprimary\u00a0\u00bb text=\u00a0\u00bbNos r\u00e9alisations\u00a0\u00bb font_size=\u00a0\u00bbxs:20;sm:20;md:20;lg:34&Prime; css=\u00a0\u00bb.vc_custom_1741889670881{margin-bottom: 15px !important;}\u00a0\u00bb][tm_heading style=\u00a0\u00bbwith-separator-04&Prime; custom_google_font=\u00a0\u00bb\u00a0\u00bb align=\u00a0\u00bbcenter\u00a0\u00bb icon_color=\u00a0\u00bbprimary\u00a0\u00bb text=\u00a0\u00bbDans toute l&rsquo;\u00eele de France\u00a0\u00bb font_size=\u00a0\u00bblg:20&Prime; css=\u00a0\u00bb.vc_custom_1692986393941{margin-bottom: 22px !important;background-position: 0 0 !important;background-repeat: no-repeat !important;}\u00a0\u00bb][vc_basic_grid post_type=\u00a0\u00bbpost\u00a0\u00bb max_items=\u00a0\u00bb2&Prime; element_width=\u00a0\u00bb6&Prime; item=\u00a0\u00bbbasicGrid_SlideFromLeft\u00a0\u00bb css=\u00a0\u00bb\u00a0\u00bb grid_id=\u00a0\u00bbvc_gid:1741889750925-6e6598e9-0062-3&Prime; taxonomies=\u00a0\u00bb253&Prime;][tm_spacer size=\u00a0\u00bblg:20&Prime;][tm_button size=\u00a0\u00bbsm\u00a0\u00bb align=\u00a0\u00bbcenter\u00a0\u00bb color=\u00a0\u00bbsecondary\u00a0\u00bb button=\u00a0\u00bburl:https%3A%2F%2Fcouvreur-95-colombus.fr%2Fcategories%2Fchantiers%2Fdemoussage%2F|title:Toutes%20les%20r%C3%A9alisations\u00a0\u00bb][tm_spacer size=\u00a0\u00bblg:20&Prime;][\/vc_column][\/vc_row][vc_row full_width=\u00a0\u00bbstretch_row\u00a0\u00bb content_placement=\u00a0\u00bbmiddle\u00a0\u00bb background_color=\u00a0\u00bbprimary\u00a0\u00bb lg_spacing=\u00a0\u00bbpadding_top:55;padding_bottom:55&Prime;][vc_column width=\u00a0\u00bb2\/3&Prime;][tm_heading custom_google_font=\u00a0\u00bb\u00a0\u00bb text_color=\u00a0\u00bbcustom\u00a0\u00bb custom_text_color=\u00a0\u00bb#ffffff\u00a0\u00bb text=\u00a0\u00bbBesoin d&rsquo;un nettoyage de toiture ?\u00a0\u00bb font_size=\u00a0\u00bblg:36&Prime; xs_spacing=\u00a0\u00bbmargin_bottom:20&Prime;][\/vc_column][vc_column width=\u00a0\u00bb1\/3&Prime;][tm_button align=\u00a0\u00bbright\u00a0\u00bb xs_align=\u00a0\u00bbleft\u00a0\u00bb color=\u00a0\u00bbcustom\u00a0\u00bb button_bg_color=\u00a0\u00bbcustom\u00a0\u00bb font_color=\u00a0\u00bbcustom\u00a0\u00bb button_border_color=\u00a0\u00bbcustom\u00a0\u00bb button_icon_color=\u00a0\u00bbsecondary\u00a0\u00bb button_bg_color_hover=\u00a0\u00bbcustom\u00a0\u00bb font_color_hover=\u00a0\u00bbcustom\u00a0\u00bb button_border_color_hover=\u00a0\u00bbcustom\u00a0\u00bb button_icon_color_hover=\u00a0\u00bb\u00a0\u00bb button=\u00a0\u00bburl:https%3A%2F%2Fcouvreur-95-colombus.fr%2Fdevis-gratuit%2F|title:CONTACTEZ-NOUS\u00a0\u00bb custom_font_color=\u00a0\u00bb#222222&Prime; custom_button_bg_color=\u00a0\u00bb#ffffff\u00a0\u00bb custom_button_border_color=\u00a0\u00bb#ffffff\u00a0\u00bb custom_font_color_hover=\u00a0\u00bb#ffffff\u00a0\u00bb custom_button_bg_color_hover=\u00a0\u00bb#a41c20&Prime; custom_button_border_color_hover=\u00a0\u00bb#a41c20&Prime;][\/vc_column][\/vc_row]\n<\/div>","protected":false},"excerpt":{"rendered":"<p>[vc_row full_width=\u00a0\u00bbstretch_row_content_no_spaces\u00a0\u00bb content_placement=\u00a0\u00bbmiddle\u00a0\u00bb background_color=\u00a0\u00bbcustom\u00a0\u00bb custom_background_color=\u00a0\u00bb#f7f7f7&Prime;][vc_column width=\u00a0\u00bb5\/12&Prime;][tm_image full_wide=\u00a0\u00bb1&Prime; image=\u00a0\u00bb8194&Prime;][\/vc_column][vc_column width=\u00a0\u00bb7\/12&Prime;][vc_row_inner lg_spacing=\u00a0\u00bbpadding_top:60;padding_right:100;padding_bottom:60;padding_left:100&Prime; md_spacing=\u00a0\u00bbpadding_right:80;padding_left:80&Prime; sm_spacing=\u00a0\u00bbpadding_right:50;padding_left:50&Prime; xs_spacing=\u00a0\u00bbpadding_right:30;padding_left:30&Prime;][vc_column_inner][tm_heading style=\u00a0\u00bbwith-separator-04&Prime; tag=\u00a0\u00bbh2&Prime; custom_google_font=\u00a0\u00bb\u00a0\u00bb text=\u00a0\u00bbNettoyage et d\u00e9moussage de toiture\u00a0\u00bb font_size=\u00a0\u00bbxs:26;sm:26;lg:40&Prime; css=\u00a0\u00bb.vc_custom_1741889690892{margin-bottom: 30px !important;}\u00a0\u00bb][vc_column_text css=\u00a0\u00bb\u00a0\u00bb] L\u2019entreprise de couverture M.B Colombus \u00e0 Argenteuil met son expertise au service du nettoyage et du d\u00e9moussage de votre toiture, en s\u2019appuyant sur plusieurs ann\u00e9es d\u2019exp\u00e9rience et des techniques de pointe. Gr\u00e2ce \u00e0 une parfaite ma\u00eetrise des m\u00e9thodes adapt\u00e9es \u00e0 chaque type de rev\u00eatement, qu\u2019il s\u2019agisse de tuiles, d\u2019ardoises ou de zinc, nous assurons un entretien efficace, quelle que soit la pente ou l\u2019accessibilit\u00e9 de votre toit. Nos interventions incluent l\u2019application de traitements hydrofuges et anti-mousses longue dur\u00e9e, emp\u00eachant la r\u00e9apparition rapide des lichens et des algues. Nous utilisons uniquement des produits certifi\u00e9s et respectueux des mat\u00e9riaux, garantissant un nettoyage en profondeur sans alt\u00e9rer la structure de votre toiture. Avec M.B Colombus, vous b\u00e9n\u00e9ficiez d\u2019un entretien soign\u00e9 qui prolonge la dur\u00e9e de vie de votre couverture tout en am\u00e9liorant son \u00e9tanch\u00e9it\u00e9 et son esth\u00e9tique. [\/vc_column_text][tm_spacer size=\u00a0\u00bblg:20&Prime;][tm_button size=\u00a0\u00bbsm\u00a0\u00bb button=\u00a0\u00bburl:https%3A%2F%2Fcouvreur-95-colombus.fr%2Fdevis-gratuit%2F|title:Contactez-nous\u00a0\u00bb][\/vc_column_inner][\/vc_row_inner][\/vc_column][\/vc_row][vc_row lg_spacing=\u00a0\u00bbpadding_top:80;padding_bottom:40&Prime;][vc_column width=\u00a0\u00bb5\/12&Prime;][tm_heading style=\u00a0\u00bbwith-separator-04&Prime; tag=\u00a0\u00bbh2&Prime; custom_google_font=\u00a0\u00bb\u00a0\u00bb text=\u00a0\u00bbPrestations de nettoyage de toiture\u00a0\u00bb font_size=\u00a0\u00bbxs:26;sm:26;lg:40&Prime; css=\u00a0\u00bb.vc_custom_1741889766897{margin-bottom: 35px !important;}\u00a0\u00bb][tm_image align=\u00a0\u00bbcenter\u00a0\u00bb image=\u00a0\u00bb7219&Prime; lg_spacing=\u00a0\u00bbmargin_bottom:10&Prime;][vc_text_separator title=\u00a0\u00bbAvant \/ Apr\u00e8s\u00a0\u00bb css=\u00a0\u00bb.vc_custom_1675342085140{margin-bottom: 35px !important;}\u00a0\u00bb][\/vc_column][vc_column width=\u00a0\u00bb7\/12&Prime;][vc_column_text css=\u00a0\u00bb.vc_custom_1675342054201{margin-bottom: 30px !important;}\u00a0\u00bb] M.B Colombus r\u00e9alise le d\u00e9moussage de votre toit par des produits tr\u00e8s efficaces et certifi\u00e9s. En tant que professionnel, couvreur \u00e0 Argenteuil est en mesure de fournir des travaux de nettoyage toiture garantis. [\/vc_column_text][vc_row_inner][vc_column_inner width=\u00a0\u00bb1\/2&Prime;][vc_column_text css=\u00a0\u00bb.vc_custom_1675342063267{margin-bottom: 50px !important;}\u00a0\u00bb][\/vc_column_text][\/vc_column_inner][vc_column_inner width=\u00a0\u00bb1\/2&Prime;][tm_list list_style=\u00a0\u00bbmodern-icon-03&Prime; columns=\u00a0\u00bbxs:1;sm:1;lg:1&Prime; items=\u00a0\u00bb%5B%7B%22item_title%22%3A%22Zone%20d&rsquo;intervention%22%2C%22item_desc%22%3A%22Val%20D&rsquo;Oise%2095%22%2C%22icon%22%3A%22ion-ios-location%22%7D%2C%7B%22item_title%22%3A%22Horaires%20d&rsquo;ouverture%22%2C%22item_desc%22%3A%22Ouvert%2024h%2F24%22%2C%22icon%22%3A%22ion-ios-timer%22%7D%2C%7B%22item_title%22%3A%22T%C3%A9l%C3%A9phone%22%2C%22icon%22%3A%22ion-ios-telephone%22%7D%5D\u00a0\u00bb][vc_column_text] M.B Colombus Couvreur 95T\u00e9l.07 67 76 39 05 [\/vc_column_text][vc_column_text css=\u00a0\u00bb.vc_custom_1675342407316{margin-bottom: 20px !important;}\u00a0\u00bb]M.B Colombus Couvreur 95T\u00e9l.09 83 20 96 16[\/vc_column_text][\/vc_column_inner][\/vc_row_inner][\/vc_column][\/vc_row][vc_row full_width=\u00a0\u00bbstretch_row_content_no_spaces\u00a0\u00bb content_placement=\u00a0\u00bbmiddle\u00a0\u00bb background_color=\u00a0\u00bbcustom\u00a0\u00bb custom_background_color=\u00a0\u00bb#111111&Prime;][vc_column width=\u00a0\u00bb1\/2&Prime;][tm_image full_wide=\u00a0\u00bb1&Prime; image=\u00a0\u00bb7221&Prime;][\/vc_column][vc_column width=\u00a0\u00bb1\/2&Prime; background_image=\u00a0\u00bb7134&Prime;][vc_row_inner lg_spacing=\u00a0\u00bbpadding_top:60;padding_right:100;padding_bottom:60;padding_left:100&Prime; max_width=\u00a0\u00bb800px\u00a0\u00bb md_spacing=\u00a0\u00bbpadding_right:80;padding_left:80&Prime; sm_spacing=\u00a0\u00bbpadding_right:50;padding_left:50&Prime; xs_spacing=\u00a0\u00bbpadding_right:30;padding_left:30&Prime;][vc_column_inner][tm_heading custom_google_font=\u00a0\u00bb\u00a0\u00bb text_color=\u00a0\u00bbcustom\u00a0\u00bb custom_text_color=\u00a0\u00bb#ffffff\u00a0\u00bb text=\u00a0\u00bbCouvreurs qualifi\u00e9s\u00a0\u00bb font_size=\u00a0\u00bbxs:26;sm:26;lg:40&Prime; css=\u00a0\u00bb.vc_custom_1652171460932{margin-bottom: 10px !important;}\u00a0\u00bb][tm_heading custom_google_font=\u00a0\u00bb\u00a0\u00bb text_color=\u00a0\u00bbcustom\u00a0\u00bb custom_text_color=\u00a0\u00bb#a41c20&Prime; icon_type=\u00a0\u00bbfontawesome\u00a0\u00bb icon_fontawesome=\u00a0\u00bbfas fa-map-marker-alt\u00a0\u00bb text=\u00a0\u00bbDans le Val d&rsquo;Oise 95&Prime; font_size=\u00a0\u00bbxs:16;sm:16;md:25;lg:25&Prime; css=\u00a0\u00bb.vc_custom_1675342092848{margin-bottom: 30px !important;}\u00a0\u00bb][tm_list list_style=\u00a0\u00bbcheck-02&Prime; marker_color=\u00a0\u00bbcustom\u00a0\u00bb custom_marker_color=\u00a0\u00bb#ffffff\u00a0\u00bb title_color=\u00a0\u00bbcustom\u00a0\u00bb custom_title_color=\u00a0\u00bb#bfbfbf\u00a0\u00bb columns=\u00a0\u00bbxs:1;lg:1&Prime; items=\u00a0\u00bb%5B%7B%22item_title%22%3A%22L&rsquo;exp%C3%A9rience%20%C3%A0%20votre%20service%22%7D%2C%7B%22item_title%22%3A%22Conseils%20professionnels%22%7D%2C%7B%22item_title%22%3A%22Accompagnement%20personnalis%C3%A9%22%7D%2C%7B%22item_title%22%3A%22Garantie%20d%C3%A9cennale%20-%20QBE%22%7D%2C%7B%22item_title%22%3A%22Meilleur%20rapport%20qualit%C3%A9%20%2F%20prix%22%7D%5D\u00a0\u00bb lg_spacing=\u00a0\u00bbmargin_bottom:35&Prime;][tm_button size=\u00a0\u00bbsm\u00a0\u00bb color=\u00a0\u00bbcustom\u00a0\u00bb button_bg_color=\u00a0\u00bbcustom\u00a0\u00bb font_color=\u00a0\u00bbcustom\u00a0\u00bb button_border_color=\u00a0\u00bbcustom\u00a0\u00bb button_icon_color=\u00a0\u00bb\u00a0\u00bb button_bg_color_hover=\u00a0\u00bbcustom\u00a0\u00bb font_color_hover=\u00a0\u00bbprimary\u00a0\u00bb button_border_color_hover=\u00a0\u00bbcustom\u00a0\u00bb button_icon_color_hover=\u00a0\u00bb\u00a0\u00bb button=\u00a0\u00bburl:https%3A%2F%2Fcouvreur-95-colombus.fr%2Fdevis-gratuit%2F|title:DEVIS%20%26%20D%C3%89PLACEMENT%20GRATUITS\u00a0\u00bb custom_font_color=\u00a0\u00bb#ffffff\u00a0\u00bb custom_button_bg_color_hover=\u00a0\u00bb#ffffff\u00a0\u00bb custom_button_border_color_hover=\u00a0\u00bb#ffffff\u00a0\u00bb custom_button_bg_color=\u00a0\u00bb#a41c20&Prime; custom_button_border_color=\u00a0\u00bb#a41c20&Prime;][\/vc_column_inner][\/vc_row_inner][\/vc_column][\/vc_row][vc_row full_width=\u00a0\u00bbstretch_row_content\u00a0\u00bb lg_spacing=\u00a0\u00bbpadding_top:80;padding_bottom:25&Prime;][vc_column][tm_heading custom_google_font=\u00a0\u00bb\u00a0\u00bb text_transform=\u00a0\u00bbuppercase\u00a0\u00bb align=\u00a0\u00bbcenter\u00a0\u00bb text_color=\u00a0\u00bbprimary\u00a0\u00bb text=\u00a0\u00bbNos r\u00e9alisations\u00a0\u00bb font_size=\u00a0\u00bbxs:20;sm:20;md:20;lg:34&Prime; css=\u00a0\u00bb.vc_custom_1741889670881{margin-bottom: 15px !important;}\u00a0\u00bb][tm_heading style=\u00a0\u00bbwith-separator-04&Prime; custom_google_font=\u00a0\u00bb\u00a0\u00bb align=\u00a0\u00bbcenter\u00a0\u00bb icon_color=\u00a0\u00bbprimary\u00a0\u00bb text=\u00a0\u00bbDans toute l&rsquo;\u00eele de France\u00a0\u00bb font_size=\u00a0\u00bblg:20&Prime; css=\u00a0\u00bb.vc_custom_1692986393941{margin-bottom: 22px !important;background-position: 0 0 !important;background-repeat: no-repeat !important;}\u00a0\u00bb][vc_basic_grid post_type=\u00a0\u00bbpost\u00a0\u00bb max_items=\u00a0\u00bb2&Prime; element_width=\u00a0\u00bb6&Prime; item=\u00a0\u00bbbasicGrid_SlideFromLeft\u00a0\u00bb css=\u00a0\u00bb\u00a0\u00bb grid_id=\u00a0\u00bbvc_gid:1741889750925-6e6598e9-0062-3&Prime; taxonomies=\u00a0\u00bb253&Prime;][tm_spacer size=\u00a0\u00bblg:20&Prime;][tm_button size=\u00a0\u00bbsm\u00a0\u00bb align=\u00a0\u00bbcenter\u00a0\u00bb color=\u00a0\u00bbsecondary\u00a0\u00bb button=\u00a0\u00bburl:https%3A%2F%2Fcouvreur-95-colombus.fr%2Fcategories%2Fchantiers%2Fdemoussage%2F|title:Toutes%20les%20r%C3%A9alisations\u00a0\u00bb][tm_spacer size=\u00a0\u00bblg:20&Prime;][\/vc_column][\/vc_row][vc_row full_width=\u00a0\u00bbstretch_row\u00a0\u00bb content_placement=\u00a0\u00bbmiddle\u00a0\u00bb background_color=\u00a0\u00bbprimary\u00a0\u00bb lg_spacing=\u00a0\u00bbpadding_top:55;padding_bottom:55&Prime;][vc_column width=\u00a0\u00bb2\/3&Prime;][tm_heading custom_google_font=\u00a0\u00bb\u00a0\u00bb text_color=\u00a0\u00bbcustom\u00a0\u00bb custom_text_color=\u00a0\u00bb#ffffff\u00a0\u00bb text=\u00a0\u00bbBesoin d&rsquo;un nettoyage de toiture ?\u00a0\u00bb font_size=\u00a0\u00bblg:36&Prime; xs_spacing=\u00a0\u00bbmargin_bottom:20&Prime;][\/vc_column][vc_column width=\u00a0\u00bb1\/3&Prime;][tm_button align=\u00a0\u00bbright\u00a0\u00bb xs_align=\u00a0\u00bbleft\u00a0\u00bb color=\u00a0\u00bbcustom\u00a0\u00bb button_bg_color=\u00a0\u00bbcustom\u00a0\u00bb font_color=\u00a0\u00bbcustom\u00a0\u00bb button_border_color=\u00a0\u00bbcustom\u00a0\u00bb button_icon_color=\u00a0\u00bbsecondary\u00a0\u00bb button_bg_color_hover=\u00a0\u00bbcustom\u00a0\u00bb font_color_hover=\u00a0\u00bbcustom\u00a0\u00bb button_border_color_hover=\u00a0\u00bbcustom\u00a0\u00bb button_icon_color_hover=\u00a0\u00bb\u00a0\u00bb button=\u00a0\u00bburl:https%3A%2F%2Fcouvreur-95-colombus.fr%2Fdevis-gratuit%2F|title:CONTACTEZ-NOUS\u00a0\u00bb custom_font_color=\u00a0\u00bb#222222&Prime; custom_button_bg_color=\u00a0\u00bb#ffffff\u00a0\u00bb custom_button_border_color=\u00a0\u00bb#ffffff\u00a0\u00bb custom_font_color_hover=\u00a0\u00bb#ffffff\u00a0\u00bb custom_button_bg_color_hover=\u00a0\u00bb#a41c20&Prime; custom_button_border_color_hover=\u00a0\u00bb#a41c20&Prime;][\/vc_column][\/vc_row]<\/p>\n","protected":false},"author":1,"featured_media":7219,"parent":0,"menu_order":0,"comment_status":"closed","ping_status":"closed","template":"","meta":{"footnotes":""},"class_list":["post-4768","page","type-page","status-publish","has-post-thumbnail","hentry"],"_links":{"self":[{"href":"https:\/\/couvreur-95-colombus.fr\/index.php?rest_route=\/wp\/v2\/pages\/4768","targetHints":{"allow":["GET"]}}],"collection":[{"href":"https:\/\/couvreur-95-colombus.fr\/index.php?rest_route=\/wp\/v2\/pages"}],"about":[{"href":"https:\/\/couvreur-95-colombus.fr\/index.php?rest_route=\/wp\/v2\/types\/page"}],"author":[{"embeddable":true,"href":"https:\/\/couvreur-95-colombus.fr\/index.php?rest_route=\/wp\/v2\/users\/1"}],"replies":[{"embeddable":true,"href":"https:\/\/couvreur-95-colombus.fr\/index.php?rest_route=%2Fwp%2Fv2%2Fcomments&post=4768"}],"version-history":[{"count":7,"href":"https:\/\/couvreur-95-colombus.fr\/index.php?rest_route=\/wp\/v2\/pages\/4768\/revisions"}],"predecessor-version":[{"id":9382,"href":"https:\/\/couvreur-95-colombus.fr\/index.php?rest_route=\/wp\/v2\/pages\/4768\/revisions\/9382"}],"wp:featuredmedia":[{"embeddable":true,"href":"https:\/\/couvreur-95-colombus.fr\/index.php?rest_route=\/wp\/v2\/media\/7219"}],"wp:attachment":[{"href":"https:\/\/couvreur-95-colombus.fr\/index.php?rest_route=%2Fwp%2Fv2%2Fmedia&parent=4768"}],"curies":[{"name":"wp","href":"https:\/\/api.w.org\/{rel}","templated":true}]}}