{"id":4746,"date":"2020-09-25T17:59:38","date_gmt":"2020-09-25T15:59:38","guid":{"rendered":"https:\/\/artisan-my-renovation.com\/?page_id=4746"},"modified":"2025-03-13T20:33:26","modified_gmt":"2025-03-13T19:33:26","slug":"ravalement-peinture-argenteuil-95100","status":"publish","type":"page","link":"https:\/\/couvreur-95-colombus.fr\/?page_id=4746","title":{"rendered":"Ravalement peinture"},"content":{"rendered":"<div class=\"wpb-content-wrapper\">[vc_row full_width=\u00a0\u00bbstretch_row_content_no_spaces\u00a0\u00bb content_placement=\u00a0\u00bbmiddle\u00a0\u00bb background_color=\u00a0\u00bbcustom\u00a0\u00bb custom_background_color=\u00a0\u00bb#f7f7f7&Prime;][vc_column width=\u00a0\u00bb5\/12&Prime;][tm_image full_wide=\u00a0\u00bb1&Prime; image=\u00a0\u00bb9404&Prime;][\/vc_column][vc_column width=\u00a0\u00bb7\/12&Prime;][vc_row_inner lg_spacing=\u00a0\u00bbpadding_top:40;padding_right:100;padding_bottom:40;padding_left:100&Prime; md_spacing=\u00a0\u00bbpadding_right:80;padding_left:80&Prime; sm_spacing=\u00a0\u00bbpadding_right:50;padding_left:50&Prime; xs_spacing=\u00a0\u00bbpadding_right:30;padding_left:30&Prime;][vc_column_inner][tm_heading style=\u00a0\u00bbwith-separator-04&Prime; tag=\u00a0\u00bbh2&Prime; custom_google_font=\u00a0\u00bb\u00a0\u00bb text=\u00a0\u00bbRavalement de fa\u00e7ade et peinture (95)\u00a0\u00bb font_size=\u00a0\u00bbxs:26;sm:26;lg:40&Prime; css=\u00a0\u00bb.vc_custom_1741893445571{margin-bottom: 30px !important;}\u00a0\u00bb][vc_column_text css=\u00a0\u00bb\u00a0\u00bb]\n<p style=\"text-align: justify;\"><strong>M.B Colombus<\/strong>, expert en <strong>ravalement de fa\u00e7ade<\/strong> \u00e0 <a title=\"\" href=\"https:\/\/www.google.com\/maps\/place\/95100+Argenteuil\/@48.9500476,2.1653666,12z\/data=!3m1!4b1!4m6!3m5!1s0x47e66664dfcb055b:0x40b82c3688b36d0!8m2!3d48.9472096!4d2.2466847!16zL20vMDFxbnZu?hl=fr&amp;entry=ttu&amp;g_ep=EgoyMDI1MDMxMS4wIKXMDSoASAFQAw%3D%3D\" target=\"_blank\" rel=\"noopener\"><strong>Argenteuil<\/strong><\/a>, vous propose des solutions sur mesure pour redonner \u00e9clat et protection \u00e0 votre habitation. Plus qu\u2019un simple embellissement, le ravalement de fa\u00e7ade joue un r\u00f4le essentiel dans la pr\u00e9servation de l\u2019<strong>int\u00e9grit\u00e9 structurelle<\/strong> et l\u2019optimisation de l\u2019<strong>efficacit\u00e9 \u00e9nerg\u00e9tique de votre maison<\/strong>. Une fa\u00e7ade bien entretenue limite les infiltrations, prot\u00e8ge contre les agressions climatiques et valorise votre bien immobilier.<\/p>\n<p style=\"text-align: justify;\">Le choix des mat\u00e9riaux est une \u00e9tape cl\u00e9 pour garantir un rendu esth\u00e9tique durable et performant. Gr\u00e2ce \u00e0 son expertise, votre fa\u00e7adier \u00e0 Argenteuil vous conseille sur les meilleures options adapt\u00e9es \u00e0 votre projet, en tenant compte des sp\u00e9cificit\u00e9s de votre b\u00e2ti. Un ravalement ne se limite pas \u00e0 un rafra\u00eechissement visuel, il contribue aussi \u00e0 la s\u00e9curit\u00e9 de votre logement en traitant fissures, d\u00e9collements et autres signes d\u2019usure.<\/p>\n<p style=\"text-align: justify;\"><a title=\"\" href=\"https:\/\/couvreur-95-colombus.fr\/devis-gratuit\/\"><strong>Faire appel<\/strong><\/a> \u00e0 M.B Colombus, c\u2019est l\u2019assurance d\u2019un travail soign\u00e9, r\u00e9alis\u00e9 par des professionnels qualifi\u00e9s, engag\u00e9s \u00e0 vous offrir une fa\u00e7ade r\u00e9sistante et harmonieuse en toute saison. Confiez-nous votre projet et b\u00e9n\u00e9ficiez d\u2019un accompagnement personnalis\u00e9 pour un r\u00e9sultat \u00e0 la hauteur de vos attentes.<\/p>\n[\/vc_column_text][tm_spacer size=\u00a0\u00bblg:20&Prime;][tm_button size=\u00a0\u00bbsm\u00a0\u00bb button=\u00a0\u00bburl:https%3A%2F%2Fcouvreur-95-colombus.fr%2Fdevis-gratuit%2F|title:Contactez-nous\u00a0\u00bb][\/vc_column_inner][\/vc_row_inner][\/vc_column][\/vc_row][vc_row lg_spacing=\u00a0\u00bbpadding_top:80;padding_bottom:40&Prime;][vc_column width=\u00a0\u00bb5\/12&Prime;][tm_heading style=\u00a0\u00bbwith-separator-04&Prime; custom_google_font=\u00a0\u00bb\u00a0\u00bb text=\u00a0\u00bbR\u00e9novation fa\u00e7ade\u00a0\u00bb font_size=\u00a0\u00bbxs:26;sm:26;lg:30&Prime;][tm_image align=\u00a0\u00bbcenter\u00a0\u00bb image=\u00a0\u00bb7585&Prime; lg_spacing=\u00a0\u00bbpadding_top:25;padding_bottom:35&Prime;][\/vc_column][vc_column width=\u00a0\u00bb7\/12&Prime;][vc_column_text css=\u00a0\u00bb.vc_custom_1741894406176{margin-bottom: 30px !important;}\u00a0\u00bb]\n<blockquote style=\"background: #f7f7f7; border: #ccc solid 1px;\">\n<p style=\"text-align: justify;\">\u00c0 Argenteuil (95100), M.B Colombus prend en charge le nettoyage et le ravalement de votre fa\u00e7ade, ternie et ab\u00eem\u00e9e par les intemp\u00e9ries, en vous offrant un service sur mesure adapt\u00e9 \u00e0 vos besoins.<\/p>\n<\/blockquote>\n[\/vc_column_text][vc_row_inner][vc_column_inner width=\u00a0\u00bb1\/2&Prime;][vc_column_text css=\u00a0\u00bb.vc_custom_1741893950400{margin-bottom: 25px !important;}\u00a0\u00bb]<div class=\"su-list\" style=\"margin-left:0px\">\n<ul>\n<li><i class=\"sui sui-check\" style=\"color:#243e8e\"><\/i> Ravalement fa\u00e7ades<\/li>\n<li><i class=\"sui sui-check\" style=\"color:#243e8e\"><\/i> D\u00e9capage fa\u00e7ades<\/li>\n<li><i class=\"sui sui-check\" style=\"color:#243e8e\"><\/i> Nettoyage mur ext\u00e9rieur<\/li>\n<li><i class=\"sui sui-check\" style=\"color:#243e8e\"><\/i> Travaux de ma\u00e7onnerie<\/li>\n<li><i class=\"sui sui-check\" style=\"color:#243e8e\"><\/i> Rebouchage des fissures<\/li>\n<li><i class=\"sui sui-check\" style=\"color:#243e8e\"><\/i> Imperm\u00e9abilisation des murs<\/li>\n<li><i class=\"sui sui-check\" style=\"color:#243e8e\"><\/i> Pose d&rsquo;enduit ext\u00e9rieur<\/li>\n<li><i class=\"sui sui-check\" style=\"color:#243e8e\"><\/i> Cr\u00e9pis \u00e0 la chaux<\/li>\n<li><i class=\"sui sui-check\" style=\"color:#243e8e\"><\/i> Rev\u00eatement mural<\/li>\n<li><i class=\"sui sui-check\" style=\"color:#243e8e\"><\/i> Mise en peinture de fa\u00e7ade<\/li>\n<\/ul>\n<\/div>[\/vc_column_text][\/vc_column_inner][vc_column_inner width=\u00a0\u00bb1\/2&Prime;][tm_list list_style=\u00a0\u00bbmodern-icon-03&Prime; columns=\u00a0\u00bbxs:1;sm:1;lg:1&Prime; items=\u00a0\u00bb%5B%7B%22item_title%22%3A%22Zone%20d&rsquo;intervention%22%2C%22item_desc%22%3A%22Val%20D&rsquo;Oise%2095%22%2C%22icon%22%3A%22ion-ios-location%22%7D%2C%7B%22item_title%22%3A%22Appeler%20maintenant%22%2C%22item_desc%22%3A%2207%2067%2076%2039%2005%22%2C%22icon%22%3A%22ion-android-phone-portrait%22%7D%2C%7B%22item_title%22%3A%22T%C3%A9l%C3%A9phone%22%2C%22icon%22%3A%22ion-ios-telephone%22%7D%5D\u00a0\u00bb][vc_column_text]\n<p><span class=\"vcard numerovert\"><span class=\"fn\">M.B Colombus Couvreur 95<\/span><span class=\"tel\"><span class=\"type\"><abbr title=\"Besoin d'un devis gratuit pour vos travaux de couverture dans le 95 ? Toute notre \u00e9quipe est \u00e0 votre disposition.\">T\u00e9l.<\/abbr><\/span><span class=\"value\"><a href=\"tel:0767763905\">07 67 76 39 05<\/a><\/span><\/span><\/span><\/p>\n[\/vc_column_text][vc_column_text css=\u00a0\u00bb.vc_custom_1675342379897{margin-bottom: 20px !important;}\u00a0\u00bb]<span class=\"vcard numerovert\"><span class=\"fn\">M.B Colombus Couvreur 95<\/span><span class=\"tel\"><span class=\"type\"><abbr title=\"Besoin d'un devis gratuit pour vos travaux de couverture dans le 95 ? Toute notre \u00e9quipe est \u00e0 votre disposition.\">T\u00e9l.<\/abbr><\/span><span class=\"value\"><a href=\"tel:0983209616\">09 83 20 96 16<\/a><\/span><\/span><\/span>[\/vc_column_text][\/vc_column_inner][\/vc_row_inner][\/vc_column][\/vc_row][vc_row full_width=\u00a0\u00bbstretch_row_content_no_spaces\u00a0\u00bb content_placement=\u00a0\u00bbmiddle\u00a0\u00bb background_color=\u00a0\u00bbcustom\u00a0\u00bb custom_background_color=\u00a0\u00bb#111111&Prime;][vc_column width=\u00a0\u00bb1\/2&Prime;][tm_image full_wide=\u00a0\u00bb1&Prime; image=\u00a0\u00bb7265&Prime;][\/vc_column][vc_column width=\u00a0\u00bb1\/2&Prime; background_image=\u00a0\u00bb7134&Prime;][vc_row_inner lg_spacing=\u00a0\u00bbpadding_top:60;padding_right:100;padding_bottom:60;padding_left:100&Prime; max_width=\u00a0\u00bb800px\u00a0\u00bb md_spacing=\u00a0\u00bbpadding_right:80;padding_left:80&Prime; sm_spacing=\u00a0\u00bbpadding_right:50;padding_left:50&Prime; xs_spacing=\u00a0\u00bbpadding_right:30;padding_left:30&Prime;][vc_column_inner][tm_heading custom_google_font=\u00a0\u00bb\u00a0\u00bb text_color=\u00a0\u00bbcustom\u00a0\u00bb custom_text_color=\u00a0\u00bb#ffffff\u00a0\u00bb text=\u00a0\u00bbFa\u00e7adiers ravaleurs qualifi\u00e9s\u00a0\u00bb font_size=\u00a0\u00bbxs:26;sm:26;lg:40&Prime; css=\u00a0\u00bb.vc_custom_1652193175025{margin-bottom: 10px !important;}\u00a0\u00bb][tm_heading custom_google_font=\u00a0\u00bb\u00a0\u00bb text_color=\u00a0\u00bbcustom\u00a0\u00bb custom_text_color=\u00a0\u00bb#a41c20&Prime; icon_type=\u00a0\u00bbfontawesome\u00a0\u00bb icon_fontawesome=\u00a0\u00bbfas fa-map-marker-alt\u00a0\u00bb text=\u00a0\u00bbDans le Val d&rsquo;Oise 95&Prime; font_size=\u00a0\u00bbxs:16;sm:16;md:25;lg:25&Prime; css=\u00a0\u00bb.vc_custom_1675342491679{margin-bottom: 35px !important;}\u00a0\u00bb][tm_list list_style=\u00a0\u00bbcheck-02&Prime; marker_color=\u00a0\u00bbcustom\u00a0\u00bb custom_marker_color=\u00a0\u00bb#ffffff\u00a0\u00bb title_color=\u00a0\u00bbcustom\u00a0\u00bb custom_title_color=\u00a0\u00bb#bfbfbf\u00a0\u00bb columns=\u00a0\u00bbxs:1;lg:1&Prime; items=\u00a0\u00bb%5B%7B%22item_title%22%3A%22L&rsquo;exp%C3%A9rience%20%C3%A0%20votre%20service%22%7D%2C%7B%22item_title%22%3A%22Conseils%20professionnels%22%7D%2C%7B%22item_title%22%3A%22Accompagnement%20personnalis%C3%A9%22%7D%2C%7B%22item_title%22%3A%22Garantie%20d%C3%A9cennale%20-%20QBE%22%7D%2C%7B%22item_title%22%3A%22Meilleur%20rapport%20qualit%C3%A9%20%2F%20prix%22%7D%5D\u00a0\u00bb lg_spacing=\u00a0\u00bbmargin_bottom:35&Prime;][tm_button size=\u00a0\u00bbsm\u00a0\u00bb color=\u00a0\u00bbcustom\u00a0\u00bb button_bg_color=\u00a0\u00bbcustom\u00a0\u00bb font_color=\u00a0\u00bbcustom\u00a0\u00bb button_border_color=\u00a0\u00bbcustom\u00a0\u00bb button_icon_color=\u00a0\u00bb\u00a0\u00bb button_bg_color_hover=\u00a0\u00bbcustom\u00a0\u00bb font_color_hover=\u00a0\u00bbprimary\u00a0\u00bb button_border_color_hover=\u00a0\u00bbcustom\u00a0\u00bb button_icon_color_hover=\u00a0\u00bb\u00a0\u00bb button=\u00a0\u00bburl:https%3A%2F%2Fcouvreur-95-colombus.fr%2Fdevis-gratuit%2F|title:DEVIS%20%26%20D%C3%89PLACEMENT%20GRATUITS\u00a0\u00bb custom_font_color=\u00a0\u00bb#ffffff\u00a0\u00bb custom_button_bg_color_hover=\u00a0\u00bb#ffffff\u00a0\u00bb custom_button_border_color_hover=\u00a0\u00bb#ffffff\u00a0\u00bb custom_button_bg_color=\u00a0\u00bb#a41c20&Prime; custom_button_border_color=\u00a0\u00bb#a41c20&Prime;][\/vc_column_inner][\/vc_row_inner][\/vc_column][\/vc_row][vc_row full_width=\u00a0\u00bbstretch_row\u00a0\u00bb background_image=\u00a0\u00bb1659&Prime; lg_spacing=\u00a0\u00bbmargin_bottom:30;padding_top:20;padding_bottom:20&Prime;][vc_column][tm_client auto_play=\u00a0\u00bb5000&Prime; gutter=\u00a0\u00bb30&Prime; items_display=\u00a0\u00bbxs:2;sm:3;md:4;lg:6&Prime; items=\u00a0\u00bb%5B%7B%22image%22%3A%225549%22%2C%22image_hover%22%3A%225550%22%2C%22link%22%3A%22Link%22%7D%2C%7B%22image%22%3A%228556%22%2C%22image_hover%22%3A%228557%22%2C%22link%22%3A%22url%3Ahttps%253A%252F%252Fqbefrance.com%252Fproduits%252Fconstruction%252F%7Ctarget%3A_blank%22%7D%2C%7B%22image%22%3A%227072%22%2C%22image_hover%22%3A%227073%22%2C%22link%22%3A%22url%3Ahttps%253A%252F%252Fwww.pagesjaunes.fr%252Fpros%252F60236918%7Ctarget%3A_blank%22%7D%2C%7B%22image%22%3A%227078%22%2C%22image_hover%22%3A%227079%22%2C%22link%22%3A%22Link%22%7D%2C%7B%22image%22%3A%224472%22%2C%22image_hover%22%3A%224473%22%2C%22link%22%3A%22url%3Ahttps%253A%252F%252Fcouvreur-95-colombus.fr%252Fdevis-gratuit%252F%7Ctitle%3ADevis%2520gratuit%22%7D%5D\u00a0\u00bb][\/vc_column][\/vc_row][vc_row full_width=\u00a0\u00bbstretch_row\u00a0\u00bb content_placement=\u00a0\u00bbmiddle\u00a0\u00bb background_color=\u00a0\u00bbprimary\u00a0\u00bb lg_spacing=\u00a0\u00bbpadding_top:55;padding_bottom:55&Prime;][vc_column width=\u00a0\u00bb2\/3&Prime;][tm_heading custom_google_font=\u00a0\u00bb\u00a0\u00bb text_color=\u00a0\u00bbcustom\u00a0\u00bb custom_text_color=\u00a0\u00bb#ffffff\u00a0\u00bb text=\u00a0\u00bbBesoin d&rsquo;un ravalement de fa\u00e7ade ?\u00a0\u00bb font_size=\u00a0\u00bblg:36&Prime; xs_spacing=\u00a0\u00bbmargin_bottom:20&Prime;][\/vc_column][vc_column width=\u00a0\u00bb1\/3&Prime;][tm_button align=\u00a0\u00bbright\u00a0\u00bb xs_align=\u00a0\u00bbleft\u00a0\u00bb color=\u00a0\u00bbcustom\u00a0\u00bb button_bg_color=\u00a0\u00bbcustom\u00a0\u00bb font_color=\u00a0\u00bbcustom\u00a0\u00bb button_border_color=\u00a0\u00bbcustom\u00a0\u00bb button_icon_color=\u00a0\u00bbsecondary\u00a0\u00bb button_bg_color_hover=\u00a0\u00bbcustom\u00a0\u00bb font_color_hover=\u00a0\u00bbcustom\u00a0\u00bb button_border_color_hover=\u00a0\u00bbcustom\u00a0\u00bb button_icon_color_hover=\u00a0\u00bb\u00a0\u00bb button=\u00a0\u00bburl:https%3A%2F%2Fcouvreur-95-colombus.fr%2Fdevis-gratuit%2F|title:CONTACTEZ-NOUS\u00a0\u00bb custom_font_color=\u00a0\u00bb#222222&Prime; custom_button_bg_color=\u00a0\u00bb#ffffff\u00a0\u00bb custom_button_border_color=\u00a0\u00bb#ffffff\u00a0\u00bb custom_font_color_hover=\u00a0\u00bb#ffffff\u00a0\u00bb custom_button_bg_color_hover=\u00a0\u00bb#a41c20&Prime; custom_button_border_color_hover=\u00a0\u00bb#a41c20&Prime;][\/vc_column][\/vc_row]\n<\/div>","protected":false},"excerpt":{"rendered":"<p>[vc_row full_width=\u00a0\u00bbstretch_row_content_no_spaces\u00a0\u00bb content_placement=\u00a0\u00bbmiddle\u00a0\u00bb background_color=\u00a0\u00bbcustom\u00a0\u00bb custom_background_color=\u00a0\u00bb#f7f7f7&Prime;][vc_column width=\u00a0\u00bb5\/12&Prime;][tm_image full_wide=\u00a0\u00bb1&Prime; image=\u00a0\u00bb9404&Prime;][\/vc_column][vc_column width=\u00a0\u00bb7\/12&Prime;][vc_row_inner lg_spacing=\u00a0\u00bbpadding_top:40;padding_right:100;padding_bottom:40;padding_left:100&Prime; md_spacing=\u00a0\u00bbpadding_right:80;padding_left:80&Prime; sm_spacing=\u00a0\u00bbpadding_right:50;padding_left:50&Prime; xs_spacing=\u00a0\u00bbpadding_right:30;padding_left:30&Prime;][vc_column_inner][tm_heading style=\u00a0\u00bbwith-separator-04&Prime; tag=\u00a0\u00bbh2&Prime; custom_google_font=\u00a0\u00bb\u00a0\u00bb text=\u00a0\u00bbRavalement de fa\u00e7ade et peinture (95)\u00a0\u00bb font_size=\u00a0\u00bbxs:26;sm:26;lg:40&Prime; css=\u00a0\u00bb.vc_custom_1741893445571{margin-bottom: 30px !important;}\u00a0\u00bb][vc_column_text css=\u00a0\u00bb\u00a0\u00bb] M.B Colombus, expert en ravalement de fa\u00e7ade \u00e0 Argenteuil, vous propose des solutions sur mesure pour redonner \u00e9clat et protection \u00e0 votre habitation. Plus qu\u2019un simple embellissement, le ravalement de fa\u00e7ade joue un r\u00f4le essentiel dans la pr\u00e9servation de l\u2019int\u00e9grit\u00e9 structurelle et l\u2019optimisation de l\u2019efficacit\u00e9 \u00e9nerg\u00e9tique de votre maison. Une fa\u00e7ade bien entretenue limite les infiltrations, prot\u00e8ge contre les agressions climatiques et valorise votre bien immobilier. Le choix des mat\u00e9riaux est une \u00e9tape cl\u00e9 pour garantir un rendu esth\u00e9tique durable et performant. Gr\u00e2ce \u00e0 son expertise, votre fa\u00e7adier \u00e0 Argenteuil vous conseille sur les meilleures options adapt\u00e9es \u00e0 votre projet, en tenant compte des sp\u00e9cificit\u00e9s de votre b\u00e2ti. Un ravalement ne se limite pas \u00e0 un rafra\u00eechissement visuel, il contribue aussi \u00e0 la s\u00e9curit\u00e9 de votre logement en traitant fissures, d\u00e9collements et autres signes d\u2019usure. Faire appel \u00e0 M.B Colombus, c\u2019est l\u2019assurance d\u2019un travail soign\u00e9, r\u00e9alis\u00e9 par des professionnels qualifi\u00e9s, engag\u00e9s \u00e0 vous offrir une fa\u00e7ade r\u00e9sistante et harmonieuse en toute saison. Confiez-nous votre projet et b\u00e9n\u00e9ficiez d\u2019un accompagnement personnalis\u00e9 pour un r\u00e9sultat \u00e0 la hauteur de vos attentes. [\/vc_column_text][tm_spacer size=\u00a0\u00bblg:20&Prime;][tm_button size=\u00a0\u00bbsm\u00a0\u00bb button=\u00a0\u00bburl:https%3A%2F%2Fcouvreur-95-colombus.fr%2Fdevis-gratuit%2F|title:Contactez-nous\u00a0\u00bb][\/vc_column_inner][\/vc_row_inner][\/vc_column][\/vc_row][vc_row lg_spacing=\u00a0\u00bbpadding_top:80;padding_bottom:40&Prime;][vc_column width=\u00a0\u00bb5\/12&Prime;][tm_heading style=\u00a0\u00bbwith-separator-04&Prime; custom_google_font=\u00a0\u00bb\u00a0\u00bb text=\u00a0\u00bbR\u00e9novation fa\u00e7ade\u00a0\u00bb font_size=\u00a0\u00bbxs:26;sm:26;lg:30&Prime;][tm_image align=\u00a0\u00bbcenter\u00a0\u00bb image=\u00a0\u00bb7585&Prime; lg_spacing=\u00a0\u00bbpadding_top:25;padding_bottom:35&Prime;][\/vc_column][vc_column width=\u00a0\u00bb7\/12&Prime;][vc_column_text css=\u00a0\u00bb.vc_custom_1741894406176{margin-bottom: 30px !important;}\u00a0\u00bb] \u00c0 Argenteuil (95100), M.B Colombus prend en charge le nettoyage et le ravalement de votre fa\u00e7ade, ternie et ab\u00eem\u00e9e par les intemp\u00e9ries, en vous offrant un service sur mesure adapt\u00e9 \u00e0 vos besoins. [\/vc_column_text][vc_row_inner][vc_column_inner width=\u00a0\u00bb1\/2&Prime;][vc_column_text css=\u00a0\u00bb.vc_custom_1741893950400{margin-bottom: 25px !important;}\u00a0\u00bb][\/vc_column_text][\/vc_column_inner][vc_column_inner width=\u00a0\u00bb1\/2&Prime;][tm_list list_style=\u00a0\u00bbmodern-icon-03&Prime; columns=\u00a0\u00bbxs:1;sm:1;lg:1&Prime; items=\u00a0\u00bb%5B%7B%22item_title%22%3A%22Zone%20d&rsquo;intervention%22%2C%22item_desc%22%3A%22Val%20D&rsquo;Oise%2095%22%2C%22icon%22%3A%22ion-ios-location%22%7D%2C%7B%22item_title%22%3A%22Appeler%20maintenant%22%2C%22item_desc%22%3A%2207%2067%2076%2039%2005%22%2C%22icon%22%3A%22ion-android-phone-portrait%22%7D%2C%7B%22item_title%22%3A%22T%C3%A9l%C3%A9phone%22%2C%22icon%22%3A%22ion-ios-telephone%22%7D%5D\u00a0\u00bb][vc_column_text] M.B Colombus Couvreur 95T\u00e9l.07 67 76 39 05 [\/vc_column_text][vc_column_text css=\u00a0\u00bb.vc_custom_1675342379897{margin-bottom: 20px !important;}\u00a0\u00bb]M.B Colombus Couvreur 95T\u00e9l.09 83 20 96 16[\/vc_column_text][\/vc_column_inner][\/vc_row_inner][\/vc_column][\/vc_row][vc_row full_width=\u00a0\u00bbstretch_row_content_no_spaces\u00a0\u00bb content_placement=\u00a0\u00bbmiddle\u00a0\u00bb background_color=\u00a0\u00bbcustom\u00a0\u00bb custom_background_color=\u00a0\u00bb#111111&Prime;][vc_column width=\u00a0\u00bb1\/2&Prime;][tm_image full_wide=\u00a0\u00bb1&Prime; image=\u00a0\u00bb7265&Prime;][\/vc_column][vc_column width=\u00a0\u00bb1\/2&Prime; background_image=\u00a0\u00bb7134&Prime;][vc_row_inner lg_spacing=\u00a0\u00bbpadding_top:60;padding_right:100;padding_bottom:60;padding_left:100&Prime; max_width=\u00a0\u00bb800px\u00a0\u00bb md_spacing=\u00a0\u00bbpadding_right:80;padding_left:80&Prime; sm_spacing=\u00a0\u00bbpadding_right:50;padding_left:50&Prime; xs_spacing=\u00a0\u00bbpadding_right:30;padding_left:30&Prime;][vc_column_inner][tm_heading custom_google_font=\u00a0\u00bb\u00a0\u00bb text_color=\u00a0\u00bbcustom\u00a0\u00bb custom_text_color=\u00a0\u00bb#ffffff\u00a0\u00bb text=\u00a0\u00bbFa\u00e7adiers ravaleurs qualifi\u00e9s\u00a0\u00bb font_size=\u00a0\u00bbxs:26;sm:26;lg:40&Prime; css=\u00a0\u00bb.vc_custom_1652193175025{margin-bottom: 10px !important;}\u00a0\u00bb][tm_heading custom_google_font=\u00a0\u00bb\u00a0\u00bb text_color=\u00a0\u00bbcustom\u00a0\u00bb custom_text_color=\u00a0\u00bb#a41c20&Prime; icon_type=\u00a0\u00bbfontawesome\u00a0\u00bb icon_fontawesome=\u00a0\u00bbfas fa-map-marker-alt\u00a0\u00bb text=\u00a0\u00bbDans le Val d&rsquo;Oise 95&Prime; font_size=\u00a0\u00bbxs:16;sm:16;md:25;lg:25&Prime; css=\u00a0\u00bb.vc_custom_1675342491679{margin-bottom: 35px !important;}\u00a0\u00bb][tm_list list_style=\u00a0\u00bbcheck-02&Prime; marker_color=\u00a0\u00bbcustom\u00a0\u00bb custom_marker_color=\u00a0\u00bb#ffffff\u00a0\u00bb title_color=\u00a0\u00bbcustom\u00a0\u00bb custom_title_color=\u00a0\u00bb#bfbfbf\u00a0\u00bb columns=\u00a0\u00bbxs:1;lg:1&Prime; items=\u00a0\u00bb%5B%7B%22item_title%22%3A%22L&rsquo;exp%C3%A9rience%20%C3%A0%20votre%20service%22%7D%2C%7B%22item_title%22%3A%22Conseils%20professionnels%22%7D%2C%7B%22item_title%22%3A%22Accompagnement%20personnalis%C3%A9%22%7D%2C%7B%22item_title%22%3A%22Garantie%20d%C3%A9cennale%20-%20QBE%22%7D%2C%7B%22item_title%22%3A%22Meilleur%20rapport%20qualit%C3%A9%20%2F%20prix%22%7D%5D\u00a0\u00bb lg_spacing=\u00a0\u00bbmargin_bottom:35&Prime;][tm_button size=\u00a0\u00bbsm\u00a0\u00bb color=\u00a0\u00bbcustom\u00a0\u00bb button_bg_color=\u00a0\u00bbcustom\u00a0\u00bb font_color=\u00a0\u00bbcustom\u00a0\u00bb button_border_color=\u00a0\u00bbcustom\u00a0\u00bb button_icon_color=\u00a0\u00bb\u00a0\u00bb button_bg_color_hover=\u00a0\u00bbcustom\u00a0\u00bb font_color_hover=\u00a0\u00bbprimary\u00a0\u00bb button_border_color_hover=\u00a0\u00bbcustom\u00a0\u00bb button_icon_color_hover=\u00a0\u00bb\u00a0\u00bb button=\u00a0\u00bburl:https%3A%2F%2Fcouvreur-95-colombus.fr%2Fdevis-gratuit%2F|title:DEVIS%20%26%20D%C3%89PLACEMENT%20GRATUITS\u00a0\u00bb custom_font_color=\u00a0\u00bb#ffffff\u00a0\u00bb custom_button_bg_color_hover=\u00a0\u00bb#ffffff\u00a0\u00bb custom_button_border_color_hover=\u00a0\u00bb#ffffff\u00a0\u00bb custom_button_bg_color=\u00a0\u00bb#a41c20&Prime; custom_button_border_color=\u00a0\u00bb#a41c20&Prime;][\/vc_column_inner][\/vc_row_inner][\/vc_column][\/vc_row][vc_row full_width=\u00a0\u00bbstretch_row\u00a0\u00bb background_image=\u00a0\u00bb1659&Prime; lg_spacing=\u00a0\u00bbmargin_bottom:30;padding_top:20;padding_bottom:20&Prime;][vc_column][tm_client auto_play=\u00a0\u00bb5000&Prime; gutter=\u00a0\u00bb30&Prime; items_display=\u00a0\u00bbxs:2;sm:3;md:4;lg:6&Prime; items=\u00a0\u00bb%5B%7B%22image%22%3A%225549%22%2C%22image_hover%22%3A%225550%22%2C%22link%22%3A%22Link%22%7D%2C%7B%22image%22%3A%228556%22%2C%22image_hover%22%3A%228557%22%2C%22link%22%3A%22url%3Ahttps%253A%252F%252Fqbefrance.com%252Fproduits%252Fconstruction%252F%7Ctarget%3A_blank%22%7D%2C%7B%22image%22%3A%227072%22%2C%22image_hover%22%3A%227073%22%2C%22link%22%3A%22url%3Ahttps%253A%252F%252Fwww.pagesjaunes.fr%252Fpros%252F60236918%7Ctarget%3A_blank%22%7D%2C%7B%22image%22%3A%227078%22%2C%22image_hover%22%3A%227079%22%2C%22link%22%3A%22Link%22%7D%2C%7B%22image%22%3A%224472%22%2C%22image_hover%22%3A%224473%22%2C%22link%22%3A%22url%3Ahttps%253A%252F%252Fcouvreur-95-colombus.fr%252Fdevis-gratuit%252F%7Ctitle%3ADevis%2520gratuit%22%7D%5D\u00a0\u00bb][\/vc_column][\/vc_row][vc_row full_width=\u00a0\u00bbstretch_row\u00a0\u00bb content_placement=\u00a0\u00bbmiddle\u00a0\u00bb background_color=\u00a0\u00bbprimary\u00a0\u00bb lg_spacing=\u00a0\u00bbpadding_top:55;padding_bottom:55&Prime;][vc_column width=\u00a0\u00bb2\/3&Prime;][tm_heading custom_google_font=\u00a0\u00bb\u00a0\u00bb text_color=\u00a0\u00bbcustom\u00a0\u00bb custom_text_color=\u00a0\u00bb#ffffff\u00a0\u00bb text=\u00a0\u00bbBesoin d&rsquo;un ravalement de fa\u00e7ade ?\u00a0\u00bb font_size=\u00a0\u00bblg:36&Prime; xs_spacing=\u00a0\u00bbmargin_bottom:20&Prime;][\/vc_column][vc_column width=\u00a0\u00bb1\/3&Prime;][tm_button align=\u00a0\u00bbright\u00a0\u00bb xs_align=\u00a0\u00bbleft\u00a0\u00bb color=\u00a0\u00bbcustom\u00a0\u00bb button_bg_color=\u00a0\u00bbcustom\u00a0\u00bb font_color=\u00a0\u00bbcustom\u00a0\u00bb button_border_color=\u00a0\u00bbcustom\u00a0\u00bb button_icon_color=\u00a0\u00bbsecondary\u00a0\u00bb button_bg_color_hover=\u00a0\u00bbcustom\u00a0\u00bb font_color_hover=\u00a0\u00bbcustom\u00a0\u00bb button_border_color_hover=\u00a0\u00bbcustom\u00a0\u00bb button_icon_color_hover=\u00a0\u00bb\u00a0\u00bb button=\u00a0\u00bburl:https%3A%2F%2Fcouvreur-95-colombus.fr%2Fdevis-gratuit%2F|title:CONTACTEZ-NOUS\u00a0\u00bb custom_font_color=\u00a0\u00bb#222222&Prime; custom_button_bg_color=\u00a0\u00bb#ffffff\u00a0\u00bb custom_button_border_color=\u00a0\u00bb#ffffff\u00a0\u00bb custom_font_color_hover=\u00a0\u00bb#ffffff\u00a0\u00bb custom_button_bg_color_hover=\u00a0\u00bb#a41c20&Prime; custom_button_border_color_hover=\u00a0\u00bb#a41c20&Prime;][\/vc_column][\/vc_row]<\/p>\n","protected":false},"author":1,"featured_media":7265,"parent":0,"menu_order":0,"comment_status":"closed","ping_status":"closed","template":"","meta":{"footnotes":""},"class_list":["post-4746","page","type-page","status-publish","has-post-thumbnail","hentry"],"_links":{"self":[{"href":"https:\/\/couvreur-95-colombus.fr\/index.php?rest_route=\/wp\/v2\/pages\/4746","targetHints":{"allow":["GET"]}}],"collection":[{"href":"https:\/\/couvreur-95-colombus.fr\/index.php?rest_route=\/wp\/v2\/pages"}],"about":[{"href":"https:\/\/couvreur-95-colombus.fr\/index.php?rest_route=\/wp\/v2\/types\/page"}],"author":[{"embeddable":true,"href":"https:\/\/couvreur-95-colombus.fr\/index.php?rest_route=\/wp\/v2\/users\/1"}],"replies":[{"embeddable":true,"href":"https:\/\/couvreur-95-colombus.fr\/index.php?rest_route=%2Fwp%2Fv2%2Fcomments&post=4746"}],"version-history":[{"count":9,"href":"https:\/\/couvreur-95-colombus.fr\/index.php?rest_route=\/wp\/v2\/pages\/4746\/revisions"}],"predecessor-version":[{"id":9406,"href":"https:\/\/couvreur-95-colombus.fr\/index.php?rest_route=\/wp\/v2\/pages\/4746\/revisions\/9406"}],"wp:featuredmedia":[{"embeddable":true,"href":"https:\/\/couvreur-95-colombus.fr\/index.php?rest_route=\/wp\/v2\/media\/7265"}],"wp:attachment":[{"href":"https:\/\/couvreur-95-colombus.fr\/index.php?rest_route=%2Fwp%2Fv2%2Fmedia&parent=4746"}],"curies":[{"name":"wp","href":"https:\/\/api.w.org\/{rel}","templated":true}]}}